{"id":1614,"date":"2023-09-27T12:17:46","date_gmt":"2023-09-27T10:17:46","guid":{"rendered":"https:\/\/yopeva-entrepreneur.fundesplai.org\/hem\/"},"modified":"2024-01-08T08:28:53","modified_gmt":"2024-01-08T08:28:53","slug":"hem","status":"publish","type":"page","link":"https:\/\/yopeva-entrepreneur.fundesplai.org\/sv\/","title":{"rendered":"hem"},"content":{"rendered":"\n<div class=\"wp-block-cover is-light has-parallax\"><span aria-hidden=\"true\" class=\"wp-block-cover__background has-background-dim\"><\/span><div role=\"img\" class=\"wp-block-cover__image-background wp-image-197 has-parallax\" style=\"background-position:50% 50%;background-image:url(https:\/\/yopeva-entrepreneur.fundesplai.org\/wp-content\/uploads\/2023\/09\/student-6027004_1280.jpg)\"><\/div><div class=\"wp-block-cover__inner-container is-layout-constrained wp-block-cover-is-layout-constrained\">\n<div style=\"height:150px\" aria-hidden=\"true\" class=\"wp-block-spacer small-spacer\"><\/div>\n\n\n\n<div class=\"wp-block-columns is-layout-flex wp-container-core-columns-is-layout-9d6595d7 wp-block-columns-is-layout-flex\">\n<div class=\"wp-block-column is-layout-flow wp-block-column-is-layout-flow\">\n<h2 class=\"wp-block-heading has-text-align-left container text-gran has-text-color\" style=\"color:#e9e9e9;font-size:95px\"><strong>\u00c4r du en ung entrepren\u00f6r?<\/strong><\/h2>\n\n\n\n<p class=\"has-text-align-left container has-text-color\" style=\"color:#f6f6f6;font-size:23px;font-style:normal;font-weight:400\">Funderar du p\u00e5 att skapa och utveckla en aff\u00e4rsverksamhet?<br\/>Beh\u00f6ver du hj\u00e4lp eller st\u00f6d? <\/p>\n\n\n\n<p class=\"container has-white-color has-text-color has-large-font-size\">YoPeVa Enterpreneur kan hj\u00e4lpa dig!<\/p>\n\n\n\n<div class=\"wp-block-buttons container is-content-justification-left is-layout-flex wp-container-core-buttons-is-layout-23b93fc6 wp-block-buttons-is-layout-flex\">\n<div class=\"wp-block-button\"><a class=\"wp-block-button__link has-text-color has-background wp-element-button\" href=\"https:\/\/yopeva-entrepreneur.fundesplai.org\/register\/\" style=\"color:#0e0e0e;background-color:#ffaa75\">Bli Medlem<\/a><\/div>\n<\/div>\n<\/div>\n<\/div>\n\n\n\n<div style=\"height:150px\" aria-hidden=\"true\" class=\"wp-block-spacer\"><\/div>\n<\/div><\/div>\n\n<div class=\"wp-block-columns is-layout-flex wp-container-core-columns-is-layout-9d6595d7 wp-block-columns-is-layout-flex\">\n<div class=\"wp-block-column has-background is-layout-flow wp-block-column-is-layout-flow\" style=\"background-color:#ffaa75\">\n<div style=\"height:61px\" aria-hidden=\"true\" class=\"wp-block-spacer\"><\/div>\n\n\n\n<h2 class=\"wp-block-heading container\" style=\"font-size:39px;font-style:normal;font-weight:500\">YoPeVa Entrepreneur samlar organisationer fr\u00e5n olika l\u00e4nder som st\u00f6djer, med utbildning, r\u00e5dgivning och ledsagning, unga m\u00e4nniskor som har en aff\u00e4rsid\u00e9 och viljan att starta ett f\u00f6retag f\u00f6r att utveckla den.<\/h2>\n\n\n\n<div style=\"height:61px\" aria-hidden=\"true\" class=\"wp-block-spacer\"><\/div>\n<\/div>\n<\/div>\n\n<div style=\"height:100px\" aria-hidden=\"true\" class=\"wp-block-spacer\"><\/div>\n\n<div class=\"wp-block-columns is-layout-flex wp-container-core-columns-is-layout-9d6595d7 wp-block-columns-is-layout-flex\">\n<div class=\"wp-block-column container centrada is-layout-flow wp-block-column-is-layout-flow\">\n<h2 class=\"wp-block-heading\" style=\"font-size:39px\">Kurser<\/h2>\n\n\n\n\n\n<br\/>\n\n\n<div class=\"wp-block-buttons is-content-justification-center is-layout-flex wp-container-core-buttons-is-layout-16018d1d wp-block-buttons-is-layout-flex\">\n<div class=\"wp-block-button\"><a class=\"wp-block-button__link wp-element-button\" href=\"\/kurser\">Se alla kurser<\/a><\/div>\n<\/div>\n<\/div>\n<\/div>\n\n<div style=\"height:100px\" aria-hidden=\"true\" class=\"wp-block-spacer\"><\/div>\n\n<blockquote class=\"wp-block-quote container centrada is-style-plain has-medium-font-size is-layout-flow wp-block-quote-is-layout-flow\">\n<h2 class=\"wp-block-heading\" style=\"font-size:39px;font-style:normal;font-weight:900\"><strong>H\u00e4r hittar du kurser, information, resurser, handledare&#8230; och m\u00f6jligheten att tr\u00e4ffa andra entrepren\u00f6rer fr\u00e5n hela Europa som \u00e4r i samma situation som du. <\/strong><\/h2>\n<cite> <\/cite><\/blockquote>\n\n<div style=\"height:100px\" aria-hidden=\"true\" class=\"wp-block-spacer\"><\/div>\n\n<div class=\"wp-block-columns are-vertically-aligned-center container centrada is-layout-flex wp-container-core-columns-is-layout-9d6595d7 wp-block-columns-is-layout-flex\">\n<div class=\"wp-block-column is-vertically-aligned-center is-layout-flow wp-block-column-is-layout-flow\">\n<div class=\"wp-block-cover\"><span aria-hidden=\"true\" class=\"wp-block-cover__background has-background-dim-0 has-background-dim\"><\/span><img loading=\"lazy\" decoding=\"async\" width=\"1280\" height=\"866\" class=\"wp-block-cover__image-background wp-image-66\" alt=\"\" src=\"https:\/\/yopeva-entrepreneur.fundesplai.org\/wp-content\/uploads\/2023\/09\/people-3378329_1280.jpg\" data-object-fit=\"cover\" srcset=\"https:\/\/yopeva-entrepreneur.fundesplai.org\/wp-content\/uploads\/2023\/09\/people-3378329_1280.jpg 1280w, https:\/\/yopeva-entrepreneur.fundesplai.org\/wp-content\/uploads\/2023\/09\/people-3378329_1280-300x203.jpg 300w, https:\/\/yopeva-entrepreneur.fundesplai.org\/wp-content\/uploads\/2023\/09\/people-3378329_1280-1024x693.jpg 1024w, https:\/\/yopeva-entrepreneur.fundesplai.org\/wp-content\/uploads\/2023\/09\/people-3378329_1280-768x520.jpg 768w, https:\/\/yopeva-entrepreneur.fundesplai.org\/wp-content\/uploads\/2023\/09\/people-3378329_1280-624x422.jpg 624w\" sizes=\"auto, (max-width: 1280px) 100vw, 1280px\" \/><div class=\"wp-block-cover__inner-container is-layout-constrained wp-block-cover-is-layout-constrained\">\n<p class=\"has-text-align-center has-large-font-size\"><\/p>\n<\/div><\/div>\n<\/div>\n\n\n\n<div class=\"wp-block-column is-vertically-aligned-center is-layout-flow wp-block-column-is-layout-flow\">\n<h2 class=\"wp-block-heading\" style=\"font-size:39px\">YoPeVa Entrepeneur-modellen<\/h2>\n\n\n\n<p>YoPeVa Entrepreneur-projektet syftar till att \u00f6ka antalet unga m\u00e4nniskor som tar sig an entrepren\u00f6rskap och startar f\u00f6retag. D\u00e4rf\u00f6r g\u00f6r initiativet att skapa ekonomisk verksamhet till ett normalt alternativ f\u00f6r att integrera unga m\u00e4nniskor i arbetslivet. Detta egenf\u00f6retagande f\u00f6rb\u00e4ttrar anst\u00e4llbarheten f\u00f6r unga m\u00e4nniskor som kan inlemmas som arbetare f\u00f6r dessa initiativ.<\/p>\n\n\n\n<div class=\"wp-block-buttons is-layout-flex wp-block-buttons-is-layout-flex\">\n<div class=\"wp-block-button\"><a class=\"wp-block-button__link wp-element-button\" href=\"https:\/\/yopeva-entrepreneur.fundesplai.org\/members\/\">Se Medlemmar<\/a><\/div>\n<\/div>\n<\/div>\n<\/div>\n\n<div style=\"height:100px\" aria-hidden=\"true\" class=\"wp-block-spacer\"><\/div>\n\n<div class=\"wp-block-columns are-vertically-aligned-center container centrada is-layout-flex wp-container-core-columns-is-layout-9d6595d7 wp-block-columns-is-layout-flex\">\n<div class=\"wp-block-column is-vertically-aligned-center is-layout-flow wp-block-column-is-layout-flow\">\n<h2 class=\"wp-block-heading\" style=\"font-size:39px\">Organisationer<\/h2>\n\n\n\n<p> Om du \u00e4r en organisation som arbetar, eller vill b\u00f6rja arbeta med entrepren\u00f6rer, kan vi underl\u00e4tta denna process f\u00f6r dig. H\u00e4r hittar du resurser och system f\u00f6r att g\u00f6ra det. Och den h\u00e4r <strong><em>guiden<\/em><\/strong> om hur man arbetar med unga entrepren\u00f6rer.<\/p>\n\n\n\n<div class=\"wp-block-buttons is-layout-flex wp-block-buttons-is-layout-flex\">\n<div class=\"wp-block-button\"><a class=\"wp-block-button__link wp-element-button\" href=\"\/wp-content\/uploads\/2023\/10\/Metodisk-guide-f&#xF6;r-att-arbeta-med-unga-entrepren&#xF6;rer.pdf\" target=\"_blank\" rel=\"noreferrer noopener\">Se guide<\/a><\/div>\n<\/div>\n<\/div>\n\n\n\n<div class=\"wp-block-column is-vertically-aligned-center is-layout-flow wp-block-column-is-layout-flow\">\n<div class=\"wp-block-cover\"><span aria-hidden=\"true\" class=\"wp-block-cover__background has-background-dim-0 has-background-dim\"><\/span><img loading=\"lazy\" decoding=\"async\" width=\"1280\" height=\"853\" class=\"wp-block-cover__image-background wp-image-423\" alt=\"\" src=\"https:\/\/yopeva-entrepreneur.fundesplai.org\/wp-content\/uploads\/2023\/10\/people-2557396_1280.jpg\" data-object-fit=\"cover\" srcset=\"https:\/\/yopeva-entrepreneur.fundesplai.org\/wp-content\/uploads\/2023\/10\/people-2557396_1280.jpg 1280w, https:\/\/yopeva-entrepreneur.fundesplai.org\/wp-content\/uploads\/2023\/10\/people-2557396_1280-300x200.jpg 300w, https:\/\/yopeva-entrepreneur.fundesplai.org\/wp-content\/uploads\/2023\/10\/people-2557396_1280-1024x682.jpg 1024w, https:\/\/yopeva-entrepreneur.fundesplai.org\/wp-content\/uploads\/2023\/10\/people-2557396_1280-768x512.jpg 768w, https:\/\/yopeva-entrepreneur.fundesplai.org\/wp-content\/uploads\/2023\/10\/people-2557396_1280-624x416.jpg 624w\" sizes=\"auto, (max-width: 1280px) 100vw, 1280px\" \/><div class=\"wp-block-cover__inner-container is-layout-constrained wp-block-cover-is-layout-constrained\">\n<p class=\"has-text-align-center has-large-font-size\"><\/p>\n<\/div><\/div>\n<\/div>\n<\/div>\n\n<div style=\"height:100px\" aria-hidden=\"true\" class=\"wp-block-spacer\"><\/div>\n\n<div class=\"wp-block-columns is-layout-flex wp-container-core-columns-is-layout-9d6595d7 wp-block-columns-is-layout-flex\">\n<div class=\"wp-block-column has-background is-layout-flow wp-block-column-is-layout-flow\" style=\"background-color:#ffaa75\">\n<div style=\"height:61px\" aria-hidden=\"true\" class=\"wp-block-spacer\"><\/div>\n\n\n\n<h2 class=\"wp-block-heading container\" style=\"font-size:39px;font-style:normal;font-weight:500\">\u00d6ka unga m\u00e4nniskors entrepren\u00f6rsanda genom att g\u00f6ra initiativet att skapa ekonomiska aktiviteter till ett gemensamt alternativ f\u00f6r deras integration i arbetslivet.<\/h2>\n\n\n\n<div style=\"height:61px\" aria-hidden=\"true\" class=\"wp-block-spacer\"><\/div>\n<\/div>\n<\/div>\n","protected":false},"excerpt":{"rendered":"<p>YoPeVa Entrepreneur samlar organisationer fr\u00e5n olika l\u00e4nder som st\u00f6djer, med utbildning, r\u00e5dgivning och ledsagning, unga m\u00e4nniskor som har en aff\u00e4rsid\u00e9 och viljan att starta ett&hellip;<\/p>\n","protected":false},"author":1,"featured_media":1225,"parent":0,"menu_order":0,"comment_status":"closed","ping_status":"closed","template":"page-fullwidth-content.php","meta":{"_acf_changed":false,"footnotes":""},"class_list":["post-1614","page","type-page","status-publish","has-post-thumbnail","hentry"],"acf":[],"_links":{"self":[{"href":"https:\/\/yopeva-entrepreneur.fundesplai.org\/sv\/wp-json\/wp\/v2\/pages\/1614","targetHints":{"allow":["GET"]}}],"collection":[{"href":"https:\/\/yopeva-entrepreneur.fundesplai.org\/sv\/wp-json\/wp\/v2\/pages"}],"about":[{"href":"https:\/\/yopeva-entrepreneur.fundesplai.org\/sv\/wp-json\/wp\/v2\/types\/page"}],"author":[{"embeddable":true,"href":"https:\/\/yopeva-entrepreneur.fundesplai.org\/sv\/wp-json\/wp\/v2\/users\/1"}],"replies":[{"embeddable":true,"href":"https:\/\/yopeva-entrepreneur.fundesplai.org\/sv\/wp-json\/wp\/v2\/comments?post=1614"}],"version-history":[{"count":1,"href":"https:\/\/yopeva-entrepreneur.fundesplai.org\/sv\/wp-json\/wp\/v2\/pages\/1614\/revisions"}],"predecessor-version":[{"id":1615,"href":"https:\/\/yopeva-entrepreneur.fundesplai.org\/sv\/wp-json\/wp\/v2\/pages\/1614\/revisions\/1615"}],"wp:featuredmedia":[{"embeddable":true,"href":"https:\/\/yopeva-entrepreneur.fundesplai.org\/sv\/wp-json\/wp\/v2\/media\/1225"}],"wp:attachment":[{"href":"https:\/\/yopeva-entrepreneur.fundesplai.org\/sv\/wp-json\/wp\/v2\/media?parent=1614"}],"curies":[{"name":"wp","href":"https:\/\/api.w.org\/{rel}","templated":true}]}}