{"id":1521,"date":"2023-09-27T12:17:46","date_gmt":"2023-09-27T10:17:46","guid":{"rendered":"https:\/\/yopeva-entrepreneur.fundesplai.org\/hjem\/"},"modified":"2024-01-04T11:03:22","modified_gmt":"2024-01-04T11:03:22","slug":"hjem","status":"publish","type":"page","link":"https:\/\/yopeva-entrepreneur.fundesplai.org\/no\/","title":{"rendered":"hjem"},"content":{"rendered":"\n<div class=\"wp-block-cover is-light has-parallax\"><span aria-hidden=\"true\" class=\"wp-block-cover__background has-background-dim\"><\/span><div role=\"img\" class=\"wp-block-cover__image-background wp-image-197 has-parallax\" style=\"background-position:50% 50%;background-image:url(https:\/\/yopeva-entrepreneur.fundesplai.org\/wp-content\/uploads\/2023\/09\/student-6027004_1280.jpg)\"><\/div><div class=\"wp-block-cover__inner-container is-layout-constrained wp-block-cover-is-layout-constrained\">\n<div style=\"height:150px\" aria-hidden=\"true\" class=\"wp-block-spacer small-spacer\"><\/div>\n\n\n\n<div class=\"wp-block-columns is-layout-flex wp-container-core-columns-is-layout-9d6595d7 wp-block-columns-is-layout-flex\">\n<div class=\"wp-block-column is-layout-flow wp-block-column-is-layout-flow\">\n<h2 class=\"wp-block-heading has-text-align-left container text-gran has-text-color\" style=\"color:#e9e9e9;font-size:95px\"><strong>Er du en ung gr\u00fcnder?<\/strong><\/h2>\n\n\n\n<p class=\"has-text-align-left container has-text-color\" style=\"color:#f6f6f6;font-size:23px;font-style:normal;font-weight:400\">Tenker du p\u00e5 \u00e5 skape og utvikle en forretningsaktivitet?<br\/>Trenger du hjelp eller st\u00f8tte? <\/p>\n\n\n\n<p class=\"container has-white-color has-text-color has-large-font-size\">YoPeVa Entrepren\u00f8r kan hjelpe deg!<\/p>\n\n\n\n<div class=\"wp-block-buttons container is-content-justification-left is-layout-flex wp-container-core-buttons-is-layout-23b93fc6 wp-block-buttons-is-layout-flex\">\n<div class=\"wp-block-button\"><a class=\"wp-block-button__link has-text-color has-background wp-element-button\" href=\"https:\/\/yopeva-entrepreneur.fundesplai.org\/no\/registrere\/\" style=\"color:#0e0e0e;background-color:#ffaa75\">Melde deg p\u00e5<\/a><\/div>\n<\/div>\n<\/div>\n<\/div>\n\n\n\n<div style=\"height:150px\" aria-hidden=\"true\" class=\"wp-block-spacer\"><\/div>\n<\/div><\/div>\n\n<div class=\"wp-block-columns is-layout-flex wp-container-core-columns-is-layout-9d6595d7 wp-block-columns-is-layout-flex\">\n<div class=\"wp-block-column has-background is-layout-flow wp-block-column-is-layout-flow\" style=\"background-color:#ffaa75\">\n<div style=\"height:61px\" aria-hidden=\"true\" class=\"wp-block-spacer\"><\/div>\n\n\n\n<h2 class=\"wp-block-heading container\" style=\"font-size:39px;font-style:normal;font-weight:500\">YoPeVa Entrepreneur samler organisasjoner fra forskjellige land som st\u00f8tter, med oppl\u00e6ring, r\u00e5d og ledsagelse, unge mennesker som har en forretningsid\u00e9 og viljen til \u00e5 starte et selskap for \u00e5 utvikle det.<\/h2>\n\n\n\n<div style=\"height:61px\" aria-hidden=\"true\" class=\"wp-block-spacer\"><\/div>\n<\/div>\n<\/div>\n\n<div style=\"height:100px\" aria-hidden=\"true\" class=\"wp-block-spacer\"><\/div>\n\n<div class=\"wp-block-columns is-layout-flex wp-container-core-columns-is-layout-9d6595d7 wp-block-columns-is-layout-flex\">\n<div class=\"wp-block-column container centrada is-layout-flow wp-block-column-is-layout-flow\">\n<h2 class=\"wp-block-heading\" style=\"font-size:39px\">Kurs<\/h2>\n\n\n\n\n\n<br\/>\n\n\n<div class=\"wp-block-buttons is-content-justification-center is-layout-flex wp-container-core-buttons-is-layout-16018d1d wp-block-buttons-is-layout-flex\">\n<div class=\"wp-block-button\"><a class=\"wp-block-button__link wp-element-button\" href=\"\/kurs\">Se alle kurs<\/a><\/div>\n<\/div>\n<\/div>\n<\/div>\n\n<div style=\"height:100px\" aria-hidden=\"true\" class=\"wp-block-spacer\"><\/div>\n\n<blockquote class=\"wp-block-quote container centrada is-style-plain has-medium-font-size is-layout-flow wp-block-quote-is-layout-flow\">\n<h2 class=\"wp-block-heading\" style=\"font-size:39px;font-style:normal;font-weight:900\"><strong>Her finner du kurs, informasjon, ressurser, veiledere &#8230; og muligheten til \u00e5 m\u00f8te andre gr\u00fcndere fra hele Europa som er i samme situasjon som deg. <\/strong><\/h2>\n<cite> <\/cite><\/blockquote>\n\n<div style=\"height:100px\" aria-hidden=\"true\" class=\"wp-block-spacer\"><\/div>\n\n<div class=\"wp-block-columns are-vertically-aligned-center container centrada is-layout-flex wp-container-core-columns-is-layout-9d6595d7 wp-block-columns-is-layout-flex\">\n<div class=\"wp-block-column is-vertically-aligned-center is-layout-flow wp-block-column-is-layout-flow\">\n<div class=\"wp-block-cover\"><span aria-hidden=\"true\" class=\"wp-block-cover__background has-background-dim-0 has-background-dim\"><\/span><img loading=\"lazy\" decoding=\"async\" width=\"1280\" height=\"866\" class=\"wp-block-cover__image-background wp-image-66\" alt=\"\" src=\"https:\/\/yopeva-entrepreneur.fundesplai.org\/wp-content\/uploads\/2023\/09\/people-3378329_1280.jpg\" data-object-fit=\"cover\" srcset=\"https:\/\/yopeva-entrepreneur.fundesplai.org\/wp-content\/uploads\/2023\/09\/people-3378329_1280.jpg 1280w, https:\/\/yopeva-entrepreneur.fundesplai.org\/wp-content\/uploads\/2023\/09\/people-3378329_1280-300x203.jpg 300w, https:\/\/yopeva-entrepreneur.fundesplai.org\/wp-content\/uploads\/2023\/09\/people-3378329_1280-1024x693.jpg 1024w, https:\/\/yopeva-entrepreneur.fundesplai.org\/wp-content\/uploads\/2023\/09\/people-3378329_1280-768x520.jpg 768w, https:\/\/yopeva-entrepreneur.fundesplai.org\/wp-content\/uploads\/2023\/09\/people-3378329_1280-624x422.jpg 624w\" sizes=\"auto, (max-width: 1280px) 100vw, 1280px\" \/><div class=\"wp-block-cover__inner-container is-layout-constrained wp-block-cover-is-layout-constrained\">\n<p class=\"has-text-align-center has-large-font-size\"><\/p>\n<\/div><\/div>\n<\/div>\n\n\n\n<div class=\"wp-block-column is-vertically-aligned-center is-layout-flow wp-block-column-is-layout-flow\">\n<h2 class=\"wp-block-heading\" style=\"font-size:39px\">YoPeVa Entrepen\u00f8r-modellen<\/h2>\n\n\n\n<p>YoPeVa Entrepreneur-prosjektet tar sikte p\u00e5 \u00e5 \u00f8ke antall unge mennesker som tar p\u00e5 seg entrepren\u00f8rskap og starter opp en bedrift. Dermed gj\u00f8r initiativet til \u00e5 skape \u00f8konomiske aktiviteter et normalt alternativ for integrering av unge mennesker i arbeidslivet. Denne selvstendig n\u00e6ringsdrivende forbedrer sysselsettingsevnen til unge mennesker som kan innlemmes som arbeidstakere i disse initiativene.<\/p>\n\n\n\n<div class=\"wp-block-buttons is-layout-flex wp-block-buttons-is-layout-flex\">\n<div class=\"wp-block-button\"><a class=\"wp-block-button__link wp-element-button\" href=\"https:\/\/yopeva-entrepreneur.fundesplai.org\/no\/medlemmer\/\">Se medlemmer<\/a><\/div>\n<\/div>\n<\/div>\n<\/div>\n\n<div style=\"height:100px\" aria-hidden=\"true\" class=\"wp-block-spacer\"><\/div>\n\n<div class=\"wp-block-columns are-vertically-aligned-center container centrada is-layout-flex wp-container-core-columns-is-layout-9d6595d7 wp-block-columns-is-layout-flex\">\n<div class=\"wp-block-column is-vertically-aligned-center is-layout-flow wp-block-column-is-layout-flow\">\n<h2 class=\"wp-block-heading\" style=\"font-size:39px\">Organisasjoner<\/h2>\n\n\n\n<p> Hvis du er en organisasjon som jobber, eller \u00f8nsker \u00e5 begynne \u00e5 jobbe med gr\u00fcndere, kan vi legge til rette for denne prosessen for deg. Her finner du ressurser og systemer for \u00e5 gj\u00f8re det. Og denne <strong><em>guiden<\/em><\/strong> om hvordan du jobber med unge gr\u00fcndere. Vis veiledning<\/p>\n\n\n\n<div class=\"wp-block-buttons is-layout-flex wp-block-buttons-is-layout-flex\">\n<div class=\"wp-block-button\"><a class=\"wp-block-button__link wp-element-button\" href=\"\/wp-content\/uploads\/2023\/10\/Methodological-Guide-for-Working-with-Young-Entrepreneurs.pdf\" target=\"_blank\" rel=\"noreferrer noopener\">Se guide<\/a><\/div>\n<\/div>\n<\/div>\n\n\n\n<div class=\"wp-block-column is-vertically-aligned-center is-layout-flow wp-block-column-is-layout-flow\">\n<div class=\"wp-block-cover\"><span aria-hidden=\"true\" class=\"wp-block-cover__background has-background-dim-0 has-background-dim\"><\/span><img loading=\"lazy\" decoding=\"async\" width=\"1280\" height=\"853\" class=\"wp-block-cover__image-background wp-image-423\" alt=\"\" src=\"https:\/\/yopeva-entrepreneur.fundesplai.org\/wp-content\/uploads\/2023\/10\/people-2557396_1280.jpg\" data-object-fit=\"cover\" srcset=\"https:\/\/yopeva-entrepreneur.fundesplai.org\/wp-content\/uploads\/2023\/10\/people-2557396_1280.jpg 1280w, https:\/\/yopeva-entrepreneur.fundesplai.org\/wp-content\/uploads\/2023\/10\/people-2557396_1280-300x200.jpg 300w, https:\/\/yopeva-entrepreneur.fundesplai.org\/wp-content\/uploads\/2023\/10\/people-2557396_1280-1024x682.jpg 1024w, https:\/\/yopeva-entrepreneur.fundesplai.org\/wp-content\/uploads\/2023\/10\/people-2557396_1280-768x512.jpg 768w, https:\/\/yopeva-entrepreneur.fundesplai.org\/wp-content\/uploads\/2023\/10\/people-2557396_1280-624x416.jpg 624w\" sizes=\"auto, (max-width: 1280px) 100vw, 1280px\" \/><div class=\"wp-block-cover__inner-container is-layout-constrained wp-block-cover-is-layout-constrained\">\n<p class=\"has-text-align-center has-large-font-size\"><\/p>\n<\/div><\/div>\n<\/div>\n<\/div>\n\n<div style=\"height:100px\" aria-hidden=\"true\" class=\"wp-block-spacer\"><\/div>\n\n<div class=\"wp-block-columns is-layout-flex wp-container-core-columns-is-layout-9d6595d7 wp-block-columns-is-layout-flex\">\n<div class=\"wp-block-column has-background is-layout-flow wp-block-column-is-layout-flow\" style=\"background-color:#ffaa75\">\n<div style=\"height:61px\" aria-hidden=\"true\" class=\"wp-block-spacer\"><\/div>\n\n\n\n<h2 class=\"wp-block-heading container\" style=\"font-size:39px;font-style:normal;font-weight:500\">\u00d8ke entrepren\u00f8r\u00e5nden til unge mennesker ved \u00e5 gj\u00f8re initiativet til \u00e5 skape \u00f8konomiske aktiviteter til et felles alternativ for deres integrering i arbeidslivet<\/h2>\n\n\n\n<div style=\"height:61px\" aria-hidden=\"true\" class=\"wp-block-spacer\"><\/div>\n<\/div>\n<\/div>\n","protected":false},"excerpt":{"rendered":"<p>YoPeVa Entrepreneur samler organisasjoner fra forskjellige land som st\u00f8tter, med oppl\u00e6ring, r\u00e5d og ledsagelse, unge mennesker som har en forretningsid\u00e9 og viljen til \u00e5 starte&hellip;<\/p>\n","protected":false},"author":1,"featured_media":1222,"parent":0,"menu_order":0,"comment_status":"closed","ping_status":"closed","template":"page-fullwidth-content.php","meta":{"_acf_changed":false,"footnotes":""},"class_list":["post-1521","page","type-page","status-publish","has-post-thumbnail","hentry"],"acf":[],"_links":{"self":[{"href":"https:\/\/yopeva-entrepreneur.fundesplai.org\/no\/wp-json\/wp\/v2\/pages\/1521","targetHints":{"allow":["GET"]}}],"collection":[{"href":"https:\/\/yopeva-entrepreneur.fundesplai.org\/no\/wp-json\/wp\/v2\/pages"}],"about":[{"href":"https:\/\/yopeva-entrepreneur.fundesplai.org\/no\/wp-json\/wp\/v2\/types\/page"}],"author":[{"embeddable":true,"href":"https:\/\/yopeva-entrepreneur.fundesplai.org\/no\/wp-json\/wp\/v2\/users\/1"}],"replies":[{"embeddable":true,"href":"https:\/\/yopeva-entrepreneur.fundesplai.org\/no\/wp-json\/wp\/v2\/comments?post=1521"}],"version-history":[{"count":1,"href":"https:\/\/yopeva-entrepreneur.fundesplai.org\/no\/wp-json\/wp\/v2\/pages\/1521\/revisions"}],"predecessor-version":[{"id":1522,"href":"https:\/\/yopeva-entrepreneur.fundesplai.org\/no\/wp-json\/wp\/v2\/pages\/1521\/revisions\/1522"}],"wp:featuredmedia":[{"embeddable":true,"href":"https:\/\/yopeva-entrepreneur.fundesplai.org\/no\/wp-json\/wp\/v2\/media\/1222"}],"wp:attachment":[{"href":"https:\/\/yopeva-entrepreneur.fundesplai.org\/no\/wp-json\/wp\/v2\/media?parent=1521"}],"curies":[{"name":"wp","href":"https:\/\/api.w.org\/{rel}","templated":true}]}}