{"id":1466,"date":"2023-09-27T12:17:46","date_gmt":"2023-09-27T10:17:46","guid":{"rendered":"https:\/\/yopeva-entrepreneur.fundesplai.org\/inicio\/"},"modified":"2024-01-02T11:17:10","modified_gmt":"2024-01-02T11:17:10","slug":"inicio","status":"publish","type":"page","link":"https:\/\/yopeva-entrepreneur.fundesplai.org\/es\/","title":{"rendered":"Inicio"},"content":{"rendered":"\n<div class=\"wp-block-cover is-light has-parallax\"><span aria-hidden=\"true\" class=\"wp-block-cover__background has-background-dim\"><\/span><div role=\"img\" class=\"wp-block-cover__image-background wp-image-197 has-parallax\" style=\"background-position:50% 50%;background-image:url(https:\/\/yopeva-entrepreneur.fundesplai.org\/wp-content\/uploads\/2023\/09\/student-6027004_1280.jpg)\"><\/div><div class=\"wp-block-cover__inner-container is-layout-constrained wp-block-cover-is-layout-constrained\">\n<div style=\"height:150px\" aria-hidden=\"true\" class=\"wp-block-spacer small-spacer\"><\/div>\n\n\n\n<div class=\"wp-block-columns is-layout-flex wp-container-core-columns-is-layout-9d6595d7 wp-block-columns-is-layout-flex\">\n<div class=\"wp-block-column is-layout-flow wp-block-column-is-layout-flow\">\n<h2 class=\"wp-block-heading has-text-align-left container text-gran has-text-color\" style=\"color:#e9e9e9;font-size:95px\"><strong>\u00bfEres un joven emprendedor?<\/strong><\/h2>\n\n\n\n<p class=\"has-text-align-left container has-text-color\" style=\"color:#f6f6f6;font-size:23px;font-style:normal;font-weight:400\">\u00bfEst\u00e1s pensando en crear y desarrollar una actividad comercial?<br\/>\u00bfNecesitas ayuda o apoyo? <\/p>\n\n\n\n<p class=\"container has-white-color has-text-color has-large-font-size\">YoPeVa Enterpreneur te puede ayudarte!<\/p>\n\n\n\n<div class=\"wp-block-buttons container is-content-justification-left is-layout-flex wp-container-core-buttons-is-layout-23b93fc6 wp-block-buttons-is-layout-flex\">\n<div class=\"wp-block-button\"><a class=\"wp-block-button__link has-text-color has-background wp-element-button\" href=\"https:\/\/yopeva-entrepreneur.fundesplai.org\/es\/registrate\/\" style=\"color:#0e0e0e;background-color:#ffaa75\">Reg\u00edstrate<\/a><\/div>\n<\/div>\n<\/div>\n<\/div>\n\n\n\n<div style=\"height:150px\" aria-hidden=\"true\" class=\"wp-block-spacer\"><\/div>\n<\/div><\/div>\n\n<div class=\"wp-block-columns is-layout-flex wp-container-core-columns-is-layout-9d6595d7 wp-block-columns-is-layout-flex\">\n<div class=\"wp-block-column has-background is-layout-flow wp-block-column-is-layout-flow\" style=\"background-color:#ffaa75\">\n<div style=\"height:61px\" aria-hidden=\"true\" class=\"wp-block-spacer\"><\/div>\n\n\n\n<h2 class=\"wp-block-heading container\" style=\"font-size:39px;font-style:normal;font-weight:500\">YoPeVa Emprendedor re\u00fane a organizaciones de diferentes pa\u00edses que brindan apoyo, capacitaci\u00f3n, asesoramiento y acompa\u00f1amiento a j\u00f3venes con una idea de negocio y la voluntad de iniciar una empresa para desarrollarla.<\/h2>\n\n\n\n<div style=\"height:61px\" aria-hidden=\"true\" class=\"wp-block-spacer\"><\/div>\n<\/div>\n<\/div>\n\n<div style=\"height:100px\" aria-hidden=\"true\" class=\"wp-block-spacer\"><\/div>\n\n<div class=\"wp-block-columns is-layout-flex wp-container-core-columns-is-layout-9d6595d7 wp-block-columns-is-layout-flex\">\n<div class=\"wp-block-column container centrada is-layout-flow wp-block-column-is-layout-flow\">\n<h2 class=\"wp-block-heading\" style=\"font-size:39px\">Cursos<\/h2>\n\n\n\n\n\n<br\/>\n\n\n<div class=\"wp-block-buttons is-content-justification-center is-layout-flex wp-container-core-buttons-is-layout-16018d1d wp-block-buttons-is-layout-flex\">\n<div class=\"wp-block-button\"><a class=\"wp-block-button__link wp-element-button\" href=\"\/cursos\">Ver todos los cursos<\/a><\/div>\n<\/div>\n<\/div>\n<\/div>\n\n<div style=\"height:100px\" aria-hidden=\"true\" class=\"wp-block-spacer\"><\/div>\n\n<blockquote class=\"wp-block-quote container centrada is-style-plain has-medium-font-size is-layout-flow wp-block-quote-is-layout-flow\">\n<h2 class=\"wp-block-heading\" style=\"font-size:39px;font-style:normal;font-weight:900\"><strong>Aqu\u00ed encontrar\u00e1s cursos, informaci\u00f3n, recursos, tutores y la posibilidad de conocer a otros emprendedores de toda Europa que se encuentran en la misma situaci\u00f3n que t\u00fa. <\/strong><\/h2>\n<cite> <\/cite><\/blockquote>\n\n<div style=\"height:100px\" aria-hidden=\"true\" class=\"wp-block-spacer\"><\/div>\n\n<div class=\"wp-block-columns are-vertically-aligned-center container centrada is-layout-flex wp-container-core-columns-is-layout-9d6595d7 wp-block-columns-is-layout-flex\">\n<div class=\"wp-block-column is-vertically-aligned-center is-layout-flow wp-block-column-is-layout-flow\">\n<div class=\"wp-block-cover\"><span aria-hidden=\"true\" class=\"wp-block-cover__background has-background-dim-0 has-background-dim\"><\/span><img loading=\"lazy\" decoding=\"async\" width=\"1280\" height=\"866\" class=\"wp-block-cover__image-background wp-image-66\" alt=\"\" src=\"https:\/\/yopeva-entrepreneur.fundesplai.org\/wp-content\/uploads\/2023\/09\/people-3378329_1280.jpg\" data-object-fit=\"cover\" srcset=\"https:\/\/yopeva-entrepreneur.fundesplai.org\/wp-content\/uploads\/2023\/09\/people-3378329_1280.jpg 1280w, https:\/\/yopeva-entrepreneur.fundesplai.org\/wp-content\/uploads\/2023\/09\/people-3378329_1280-300x203.jpg 300w, https:\/\/yopeva-entrepreneur.fundesplai.org\/wp-content\/uploads\/2023\/09\/people-3378329_1280-1024x693.jpg 1024w, https:\/\/yopeva-entrepreneur.fundesplai.org\/wp-content\/uploads\/2023\/09\/people-3378329_1280-768x520.jpg 768w, https:\/\/yopeva-entrepreneur.fundesplai.org\/wp-content\/uploads\/2023\/09\/people-3378329_1280-624x422.jpg 624w\" sizes=\"auto, (max-width: 1280px) 100vw, 1280px\" \/><div class=\"wp-block-cover__inner-container is-layout-constrained wp-block-cover-is-layout-constrained\">\n<p class=\"has-text-align-center has-large-font-size\"><\/p>\n<\/div><\/div>\n<\/div>\n\n\n\n<div class=\"wp-block-column is-vertically-aligned-center is-layout-flow wp-block-column-is-layout-flow\">\n<h2 class=\"wp-block-heading\" style=\"font-size:39px\">El modelo YoPeVa Entrepreneur<\/h2>\n\n\n\n<p>El proyecto YoPeVa Emprendedor tiene como objetivo aumentar el n\u00famero de j\u00f3venes que emprenden y crean empresas. As\u00ed, hace que la iniciativa de crear actividades econ\u00f3micas sea una alternativa normal para la integraci\u00f3n de los j\u00f3venes en el mundo laboral. Este autoempleo mejora la empleabilidad de los j\u00f3venes, que pueden incorporarse como trabajadores de estas iniciativas.<\/p>\n\n\n\n<div class=\"wp-block-buttons is-layout-flex wp-block-buttons-is-layout-flex\">\n<div class=\"wp-block-button\"><a class=\"wp-block-button__link wp-element-button\" href=\"https:\/\/yopeva-entrepreneur.fundesplai.org\/es\/miembros\/\">Ver Miembros<\/a><\/div>\n<\/div>\n<\/div>\n<\/div>\n\n<div style=\"height:100px\" aria-hidden=\"true\" class=\"wp-block-spacer\"><\/div>\n\n<div class=\"wp-block-columns are-vertically-aligned-center container centrada is-layout-flex wp-container-core-columns-is-layout-9d6595d7 wp-block-columns-is-layout-flex\">\n<div class=\"wp-block-column is-vertically-aligned-center is-layout-flow wp-block-column-is-layout-flow\">\n<h2 class=\"wp-block-heading\" style=\"font-size:39px\">Organizaciones<\/h2>\n\n\n\n<p> Si eres una organizaci\u00f3n que trabaja o desea comenzar a trabajar con emprendedores, podemos facilitar este proceso para ti. Aqu\u00ed encontrar\u00e1 recursos y sistemas para hacerlo. Y esta <strong><em>gu\u00eda<\/em><\/strong> sobre c\u00f3mo trabajar con j\u00f3venes emprendedores.<\/p>\n\n\n\n<div class=\"wp-block-buttons is-layout-flex wp-block-buttons-is-layout-flex\">\n<div class=\"wp-block-button\"><a class=\"wp-block-button__link wp-element-button\" href=\"\/wp-content\/uploads\/2023\/10\/Methodological-Guide-for-Working-with-Young-Entrepreneurs.pdf\" target=\"_blank\" rel=\"noreferrer noopener\">Ver gu\u00eda<\/a><\/div>\n<\/div>\n<\/div>\n\n\n\n<div class=\"wp-block-column is-vertically-aligned-center is-layout-flow wp-block-column-is-layout-flow\">\n<div class=\"wp-block-cover\"><span aria-hidden=\"true\" class=\"wp-block-cover__background has-background-dim-0 has-background-dim\"><\/span><img loading=\"lazy\" decoding=\"async\" width=\"1280\" height=\"853\" class=\"wp-block-cover__image-background wp-image-423\" alt=\"\" src=\"https:\/\/yopeva-entrepreneur.fundesplai.org\/wp-content\/uploads\/2023\/10\/people-2557396_1280.jpg\" data-object-fit=\"cover\" srcset=\"https:\/\/yopeva-entrepreneur.fundesplai.org\/wp-content\/uploads\/2023\/10\/people-2557396_1280.jpg 1280w, https:\/\/yopeva-entrepreneur.fundesplai.org\/wp-content\/uploads\/2023\/10\/people-2557396_1280-300x200.jpg 300w, https:\/\/yopeva-entrepreneur.fundesplai.org\/wp-content\/uploads\/2023\/10\/people-2557396_1280-1024x682.jpg 1024w, https:\/\/yopeva-entrepreneur.fundesplai.org\/wp-content\/uploads\/2023\/10\/people-2557396_1280-768x512.jpg 768w, https:\/\/yopeva-entrepreneur.fundesplai.org\/wp-content\/uploads\/2023\/10\/people-2557396_1280-624x416.jpg 624w\" sizes=\"auto, (max-width: 1280px) 100vw, 1280px\" \/><div class=\"wp-block-cover__inner-container is-layout-constrained wp-block-cover-is-layout-constrained\">\n<p class=\"has-text-align-center has-large-font-size\"><\/p>\n<\/div><\/div>\n<\/div>\n<\/div>\n\n<div style=\"height:100px\" aria-hidden=\"true\" class=\"wp-block-spacer\"><\/div>\n\n<div class=\"wp-block-columns is-layout-flex wp-container-core-columns-is-layout-9d6595d7 wp-block-columns-is-layout-flex\">\n<div class=\"wp-block-column has-background is-layout-flow wp-block-column-is-layout-flow\" style=\"background-color:#ffaa75\">\n<div style=\"height:61px\" aria-hidden=\"true\" class=\"wp-block-spacer\"><\/div>\n\n\n\n<h2 class=\"wp-block-heading container\" style=\"font-size:39px;font-style:normal;font-weight:500\">Aumenta el esp\u00edritu emprendedor de los j\u00f3venes, haciendo que la iniciativa de crear actividades econ\u00f3micas sea una alternativa com\u00fan para su integraci\u00f3n en el mundo laboral.<\/h2>\n\n\n\n<div style=\"height:61px\" aria-hidden=\"true\" class=\"wp-block-spacer\"><\/div>\n<\/div>\n<\/div>\n","protected":false},"excerpt":{"rendered":"<p>YoPeVa Emprendedor re\u00fane a organizaciones de diferentes pa\u00edses que brindan apoyo, capacitaci\u00f3n, asesoramiento y acompa\u00f1amiento a j\u00f3venes con una idea de negocio y la voluntad&hellip;<\/p>\n","protected":false},"author":1,"featured_media":1224,"parent":0,"menu_order":0,"comment_status":"closed","ping_status":"closed","template":"page-fullwidth-content.php","meta":{"_acf_changed":false,"footnotes":""},"class_list":["post-1466","page","type-page","status-publish","has-post-thumbnail","hentry"],"acf":[],"_links":{"self":[{"href":"https:\/\/yopeva-entrepreneur.fundesplai.org\/es\/wp-json\/wp\/v2\/pages\/1466","targetHints":{"allow":["GET"]}}],"collection":[{"href":"https:\/\/yopeva-entrepreneur.fundesplai.org\/es\/wp-json\/wp\/v2\/pages"}],"about":[{"href":"https:\/\/yopeva-entrepreneur.fundesplai.org\/es\/wp-json\/wp\/v2\/types\/page"}],"author":[{"embeddable":true,"href":"https:\/\/yopeva-entrepreneur.fundesplai.org\/es\/wp-json\/wp\/v2\/users\/1"}],"replies":[{"embeddable":true,"href":"https:\/\/yopeva-entrepreneur.fundesplai.org\/es\/wp-json\/wp\/v2\/comments?post=1466"}],"version-history":[{"count":1,"href":"https:\/\/yopeva-entrepreneur.fundesplai.org\/es\/wp-json\/wp\/v2\/pages\/1466\/revisions"}],"predecessor-version":[{"id":1467,"href":"https:\/\/yopeva-entrepreneur.fundesplai.org\/es\/wp-json\/wp\/v2\/pages\/1466\/revisions\/1467"}],"wp:featuredmedia":[{"embeddable":true,"href":"https:\/\/yopeva-entrepreneur.fundesplai.org\/es\/wp-json\/wp\/v2\/media\/1224"}],"wp:attachment":[{"href":"https:\/\/yopeva-entrepreneur.fundesplai.org\/es\/wp-json\/wp\/v2\/media?parent=1466"}],"curies":[{"name":"wp","href":"https:\/\/api.w.org\/{rel}","templated":true}]}}